{"id":81,"date":"2023-08-01T09:14:29","date_gmt":"2023-08-01T09:14:29","guid":{"rendered":"https:\/\/themedox.com\/gerow\/?page_id=81"},"modified":"2024-11-06T03:40:04","modified_gmt":"2024-11-06T03:40:04","slug":"acerca-de-nosotros","status":"publish","type":"page","link":"https:\/\/ilmo.mx\/en\/acerca-de-nosotros\/","title":{"rendered":"About us"},"content":{"rendered":"<div data-elementor-type=\"wp-page\" data-elementor-id=\"81\" class=\"elementor elementor-81\">\n\t\t\t\t\t\t<section class=\"elementor-section elementor-top-section elementor-element elementor-element-a82f8ec elementor-section-content-middle elementor-section-boxed elementor-section-height-default elementor-section-height-default\" data-id=\"a82f8ec\" data-element_type=\"section\">\n\t\t\t\t\t\t<div class=\"elementor-container elementor-column-gap-no\">\n\t\t\t\t\t<div class=\"elementor-column elementor-col-50 elementor-top-column elementor-element elementor-element-1510503\" data-id=\"1510503\" data-element_type=\"column\">\n\t\t\t<div class=\"elementor-widget-wrap elementor-element-populated\">\n\t\t\t\t\t\t<div class=\"elementor-element elementor-element-4d4ae22 elementor-widget elementor-widget-image\" data-id=\"4d4ae22\" data-element_type=\"widget\" data-widget_type=\"image.default\">\n\t\t\t\t<div class=\"elementor-widget-container\">\n\t\t\t\t\t\t\t\t\t\t\t\t\t\t\t<img fetchpriority=\"high\" decoding=\"async\" width=\"1024\" height=\"1024\" src=\"https:\/\/ilmo.mx\/wp-content\/uploads\/2023\/08\/mexican-it-technical-support-3Vetj3n3T4SKDxNA5V2BFA-FGVEAXOnTxqE_xdQMXaMZQ.jpeg\" class=\"attachment-full size-full wp-image-1332\" alt=\"\" srcset=\"https:\/\/ilmo.mx\/wp-content\/uploads\/2023\/08\/mexican-it-technical-support-3Vetj3n3T4SKDxNA5V2BFA-FGVEAXOnTxqE_xdQMXaMZQ.jpeg 1024w, https:\/\/ilmo.mx\/wp-content\/uploads\/2023\/08\/mexican-it-technical-support-3Vetj3n3T4SKDxNA5V2BFA-FGVEAXOnTxqE_xdQMXaMZQ-300x300.jpeg 300w, https:\/\/ilmo.mx\/wp-content\/uploads\/2023\/08\/mexican-it-technical-support-3Vetj3n3T4SKDxNA5V2BFA-FGVEAXOnTxqE_xdQMXaMZQ-150x150.jpeg 150w, https:\/\/ilmo.mx\/wp-content\/uploads\/2023\/08\/mexican-it-technical-support-3Vetj3n3T4SKDxNA5V2BFA-FGVEAXOnTxqE_xdQMXaMZQ-768x768.jpeg 768w\" sizes=\"(max-width: 1024px) 100vw, 1024px\" \/>\t\t\t\t\t\t\t\t\t\t\t\t\t\t\t<\/div>\n\t\t\t\t<\/div>\n\t\t\t\t\t<\/div>\n\t\t<\/div>\n\t\t\t\t<div class=\"elementor-column elementor-col-50 elementor-top-column elementor-element elementor-element-c847fd6\" data-id=\"c847fd6\" data-element_type=\"column\">\n\t\t\t<div class=\"elementor-widget-wrap elementor-element-populated\">\n\t\t\t\t\t\t<div class=\"elementor-element elementor-element-4931230 elementor-widget__width-auto elementor-widget elementor-widget-heading\" data-id=\"4931230\" data-element_type=\"widget\" data-widget_type=\"heading.default\">\n\t\t\t\t<div class=\"elementor-widget-container\">\n\t\t\t\t\t<span class=\"elementor-heading-title elementor-size-default\">Get to know us better <\/span>\t\t\t\t<\/div>\n\t\t\t\t<\/div>\n\t\t\t\t<div class=\"elementor-element elementor-element-9367363 elementor-widget elementor-widget-heading\" data-id=\"9367363\" data-element_type=\"widget\" data-widget_type=\"heading.default\">\n\t\t\t\t<div class=\"elementor-widget-container\">\n\t\t\t\t\t<h2 class=\"elementor-heading-title elementor-size-default\">Our team has over 25 years of experience in software solutions consulting.<br><\/h2>\t\t\t\t<\/div>\n\t\t\t\t<\/div>\n\t\t\t\t<div class=\"elementor-element elementor-element-b9a888f elementor-widget elementor-widget-heading\" data-id=\"b9a888f\" data-element_type=\"widget\" data-widget_type=\"heading.default\">\n\t\t\t\t<div class=\"elementor-widget-container\">\n\t\t\t\t\t<p class=\"elementor-heading-title elementor-size-default\">At ILMO Consulting, we are experts in driving efficiency and productivity for businesses through process automation. We offer comprehensive services ranging from technical consulting and platform setup to system integration and ongoing support. Our focus is on providing customized solutions that generate significant savings and optimize operations, helping our clients achieve their goals effectively and sustainably. With solid experience and a commitment to innovation, ILMO Consulting is your partner in digital transformation.<br><br><\/p>\t\t\t\t<\/div>\n\t\t\t\t<\/div>\n\t\t\t\t<section class=\"elementor-section elementor-inner-section elementor-element elementor-element-1e09a6a elementor-section-full_width elementor-section-content-middle elementor-section-height-default elementor-section-height-default\" data-id=\"1e09a6a\" data-element_type=\"section\">\n\t\t\t\t\t\t<div class=\"elementor-container elementor-column-gap-no\">\n\t\t\t\t\t<div class=\"elementor-column elementor-col-50 elementor-inner-column elementor-element elementor-element-d069178\" data-id=\"d069178\" data-element_type=\"column\">\n\t\t\t<div class=\"elementor-widget-wrap elementor-element-populated\">\n\t\t\t\t\t\t<div class=\"elementor-element elementor-element-9ead307 elementor-widget elementor-widget-tg-btn\" data-id=\"9ead307\" data-element_type=\"widget\" data-widget_type=\"tg-btn.default\">\n\t\t\t\t<div class=\"elementor-widget-container\">\n\t\t\t\t\t\r\n        \r\n                            <a href=\"https:\/\/ilmo.mx\/en\/nuestros-servicios\/\" target=\"_self\" rel=\"nofollow\" class=\"btn\">\r\n                    Services                <\/a>\r\n            \r\n        \r\n\t\t\t\t<\/div>\n\t\t\t\t<\/div>\n\t\t\t\t\t<\/div>\n\t\t<\/div>\n\t\t\t\t<div class=\"elementor-column elementor-col-50 elementor-inner-column elementor-element elementor-element-8ba47a9\" data-id=\"8ba47a9\" data-element_type=\"column\">\n\t\t\t<div class=\"elementor-widget-wrap\">\n\t\t\t\t\t\t\t<\/div>\n\t\t<\/div>\n\t\t\t\t\t<\/div>\n\t\t<\/section>\n\t\t\t\t\t<\/div>\n\t\t<\/div>\n\t\t\t\t\t<\/div>\n\t\t<\/section>\n\t\t\t\t<section class=\"elementor-section elementor-top-section elementor-element elementor-element-8bf1b79 elementor-section-boxed elementor-section-height-default elementor-section-height-default\" data-id=\"8bf1b79\" data-element_type=\"section\" data-settings=\"{&quot;background_background&quot;:&quot;classic&quot;}\">\n\t\t\t\t\t\t<div class=\"elementor-container elementor-column-gap-no\">\n\t\t\t\t\t<div class=\"elementor-column elementor-col-100 elementor-top-column elementor-element elementor-element-e36a4ef\" data-id=\"e36a4ef\" data-element_type=\"column\">\n\t\t\t<div class=\"elementor-widget-wrap elementor-element-populated\">\n\t\t\t\t\t\t<section class=\"elementor-section elementor-inner-section elementor-element elementor-element-b50cde5 elementor-section-boxed elementor-section-height-default elementor-section-height-default\" data-id=\"b50cde5\" data-element_type=\"section\">\n\t\t\t\t\t\t<div class=\"elementor-container elementor-column-gap-no\">\n\t\t\t\t\t<div class=\"elementor-column elementor-col-50 elementor-inner-column elementor-element elementor-element-ffb1fb9\" data-id=\"ffb1fb9\" data-element_type=\"column\">\n\t\t\t<div class=\"elementor-widget-wrap elementor-element-populated\">\n\t\t\t\t\t\t<div class=\"elementor-element elementor-element-fe7d103 elementor-widget__width-auto elementor-widget elementor-widget-heading\" data-id=\"fe7d103\" data-element_type=\"widget\" data-widget_type=\"heading.default\">\n\t\t\t\t<div class=\"elementor-widget-container\">\n\t\t\t\t\t<span class=\"elementor-heading-title elementor-size-default\">Our Specialty<\/span>\t\t\t\t<\/div>\n\t\t\t\t<\/div>\n\t\t\t\t<div class=\"elementor-element elementor-element-a53af68 elementor-widget__width-initial elementor-widget elementor-widget-heading\" data-id=\"a53af68\" data-element_type=\"widget\" data-widget_type=\"heading.default\">\n\t\t\t\t<div class=\"elementor-widget-container\">\n\t\t\t\t\t<h2 class=\"elementor-heading-title elementor-size-default\">Keep your business at the forefront of technology.<\/h2>\t\t\t\t<\/div>\n\t\t\t\t<\/div>\n\t\t\t\t<div class=\"elementor-element elementor-element-0ffd30a elementor-widget elementor-widget-heading\" data-id=\"0ffd30a\" data-element_type=\"widget\" data-widget_type=\"heading.default\">\n\t\t\t\t<div class=\"elementor-widget-container\">\n\t\t\t\t\t<p class=\"elementor-heading-title elementor-size-default\">Do you have any questions about us? Here are some of the most common ones.<\/p>\t\t\t\t<\/div>\n\t\t\t\t<\/div>\n\t\t\t\t<div class=\"elementor-element elementor-element-45fde30 elementor-widget elementor-widget-genix-faq\" data-id=\"45fde30\" data-element_type=\"widget\" data-widget_type=\"genix-faq.default\">\n\t\t\t\t<div class=\"elementor-widget-container\">\n\t\t\t\t\t\r\n        \r\n            <div class=\"accordion-wrap-two\">\r\n                <div class=\"accordion\" id=\"accordionExample\">\r\n\r\n                                            <div class=\"accordion-item\">\r\n                            <h2 class=\"accordion-header\" id=\"headingOne-0\">\r\n                                <button class=\"accordion-button\" type=\"button\" data-bs-toggle=\"collapse\" data-bs-target=\"#collapseOne-0\" aria-expanded=\"true\" aria-controls=\"collapseOne-0\">\r\n                                    What areas does ILMO Consulting specialize in?                                <\/button>\r\n                            <\/h2>\r\n                            <div id=\"collapseOne-0\" class=\"accordion-collapse collapse show\" aria-labelledby=\"headingOne-0\" data-bs-parent=\"#accordionExample\">\r\n                                <div class=\"accordion-body\">\r\n                                    <p>We specialize in SAP, Salesforce, custom software development, RPA automation, and IT consulting.<\/p>\r\n                                <\/div>\r\n                            <\/div>\r\n                        <\/div>\r\n                                            <div class=\"accordion-item\">\r\n                            <h2 class=\"accordion-header\" id=\"headingOne-1\">\r\n                                <button class=\"accordion-button collapsed\" type=\"button\" data-bs-toggle=\"collapse\" data-bs-target=\"#collapseOne-1\" aria-expanded=\"true\" aria-controls=\"collapseOne-1\">\r\n                                    What type of services does ILMO Consulting offer?                                <\/button>\r\n                            <\/h2>\r\n                            <div id=\"collapseOne-1\" class=\"accordion-collapse collapse\" aria-labelledby=\"headingOne-1\" data-bs-parent=\"#accordionExample\">\r\n                                <div class=\"accordion-body\">\r\n                                    <p>We offer software development, cloud migrations, S\/4HANA upgrades, RPA automation, Salesforce implementation, and IT consulting.<\/p>\r\n                                <\/div>\r\n                            <\/div>\r\n                        <\/div>\r\n                                            <div class=\"accordion-item\">\r\n                            <h2 class=\"accordion-header\" id=\"headingOne-2\">\r\n                                <button class=\"accordion-button collapsed\" type=\"button\" data-bs-toggle=\"collapse\" data-bs-target=\"#collapseOne-2\" aria-expanded=\"true\" aria-controls=\"collapseOne-2\">\r\n                                    How does ILMO Consulting ensure the quality of its services?                                <\/button>\r\n                            <\/h2>\r\n                            <div id=\"collapseOne-2\" class=\"accordion-collapse collapse\" aria-labelledby=\"headingOne-2\" data-bs-parent=\"#accordionExample\">\r\n                                <div class=\"accordion-body\">\r\n                                    <p>We have highly trained and certified personnel, and we focus on delivering on our commitments using agile models that are aligned with business objectives.<\/p>\r\n                                <\/div>\r\n                            <\/div>\r\n                        <\/div>\r\n                                    <\/div>\r\n            <\/div>\r\n\r\n        \t\t\t\t<\/div>\n\t\t\t\t<\/div>\n\t\t\t\t\t<\/div>\n\t\t<\/div>\n\t\t\t\t<div class=\"elementor-column elementor-col-50 elementor-inner-column elementor-element elementor-element-4fb7eab\" data-id=\"4fb7eab\" data-element_type=\"column\">\n\t\t\t<div class=\"elementor-widget-wrap elementor-element-populated\">\n\t\t\t\t\t\t<div class=\"elementor-element elementor-element-496b456 elementor-widget elementor-widget-image\" data-id=\"496b456\" data-element_type=\"widget\" data-widget_type=\"image.default\">\n\t\t\t\t<div class=\"elementor-widget-container\">\n\t\t\t\t\t\t\t\t\t\t\t\t\t\t\t<img decoding=\"async\" width=\"640\" height=\"640\" src=\"https:\/\/ilmo.mx\/wp-content\/uploads\/2023\/08\/a-modern-office-setting-featuring-a-team-of-mexica-InU6ArtqS8iCAd8xhxzMhg-mZXkPWTpTg27c5MGx4YLGA.jpeg\" class=\"attachment-large size-large wp-image-1519\" alt=\"\" srcset=\"https:\/\/ilmo.mx\/wp-content\/uploads\/2023\/08\/a-modern-office-setting-featuring-a-team-of-mexica-InU6ArtqS8iCAd8xhxzMhg-mZXkPWTpTg27c5MGx4YLGA.jpeg 1024w, https:\/\/ilmo.mx\/wp-content\/uploads\/2023\/08\/a-modern-office-setting-featuring-a-team-of-mexica-InU6ArtqS8iCAd8xhxzMhg-mZXkPWTpTg27c5MGx4YLGA-300x300.jpeg 300w, https:\/\/ilmo.mx\/wp-content\/uploads\/2023\/08\/a-modern-office-setting-featuring-a-team-of-mexica-InU6ArtqS8iCAd8xhxzMhg-mZXkPWTpTg27c5MGx4YLGA-150x150.jpeg 150w, https:\/\/ilmo.mx\/wp-content\/uploads\/2023\/08\/a-modern-office-setting-featuring-a-team-of-mexica-InU6ArtqS8iCAd8xhxzMhg-mZXkPWTpTg27c5MGx4YLGA-768x768.jpeg 768w\" sizes=\"(max-width: 640px) 100vw, 640px\" \/>\t\t\t\t\t\t\t\t\t\t\t\t\t\t\t<\/div>\n\t\t\t\t<\/div>\n\t\t\t\t\t<\/div>\n\t\t<\/div>\n\t\t\t\t\t<\/div>\n\t\t<\/section>\n\t\t\t\t\t<\/div>\n\t\t<\/div>\n\t\t\t\t\t<\/div>\n\t\t<\/section>\n\t\t\t\t<section class=\"elementor-section elementor-top-section elementor-element elementor-element-99e6490 elementor-section-boxed elementor-section-height-default elementor-section-height-default\" data-id=\"99e6490\" data-element_type=\"section\">\n\t\t\t\t\t\t<div class=\"elementor-container elementor-column-gap-no\">\n\t\t\t\t\t<div class=\"elementor-column elementor-col-100 elementor-top-column elementor-element elementor-element-9e03075\" data-id=\"9e03075\" data-element_type=\"column\">\n\t\t\t<div class=\"elementor-widget-wrap\">\n\t\t\t\t\t\t\t<\/div>\n\t\t<\/div>\n\t\t\t\t\t<\/div>\n\t\t<\/section>\n\t\t\t\t<\/div>","protected":false},"excerpt":{"rendered":"<p>Con\u00f3cenos mas Nuestro equipo cuenta con mas de 25 a\u00f1os de experiencia en consultoria de soluciones de software En ILMO Consulting, somos expertos en impulsar la eficiencia y productividad de las empresas a trav\u00e9s de la automatizaci\u00f3n de procesos. Ofrecemos servicios integrales que abarcan desde la consultor\u00eda t\u00e9cnica y la configuraci\u00f3n de plataformas hasta la [&hellip;]<\/p>","protected":false},"author":1,"featured_media":0,"parent":0,"menu_order":0,"comment_status":"closed","ping_status":"closed","template":"elementor_theme","meta":{"_acf_changed":false,"footnotes":""},"class_list":["post-81","page","type-page","status-publish","hentry"],"acf":[],"_links":{"self":[{"href":"https:\/\/ilmo.mx\/en\/wp-json\/wp\/v2\/pages\/81"}],"collection":[{"href":"https:\/\/ilmo.mx\/en\/wp-json\/wp\/v2\/pages"}],"about":[{"href":"https:\/\/ilmo.mx\/en\/wp-json\/wp\/v2\/types\/page"}],"author":[{"embeddable":true,"href":"https:\/\/ilmo.mx\/en\/wp-json\/wp\/v2\/users\/1"}],"replies":[{"embeddable":true,"href":"https:\/\/ilmo.mx\/en\/wp-json\/wp\/v2\/comments?post=81"}],"version-history":[{"count":0,"href":"https:\/\/ilmo.mx\/en\/wp-json\/wp\/v2\/pages\/81\/revisions"}],"wp:attachment":[{"href":"https:\/\/ilmo.mx\/en\/wp-json\/wp\/v2\/media?parent=81"}],"curies":[{"name":"wp","href":"https:\/\/api.w.org\/{rel}","templated":true}]}}