{"id":1173,"date":"2023-07-31T15:49:55","date_gmt":"2023-07-31T15:49:55","guid":{"rendered":"https:\/\/themedox.com\/gerow\/?page_id=3"},"modified":"2024-11-06T03:38:52","modified_gmt":"2024-11-06T03:38:52","slug":"alianzas","status":"publish","type":"page","link":"https:\/\/ilmo.mx\/en\/alianzas\/","title":{"rendered":"Alliances"},"content":{"rendered":"<div data-elementor-type=\"wp-page\" data-elementor-id=\"1173\" class=\"elementor elementor-1173\">\n\t\t\t\t<div class=\"elementor-element elementor-element-Vj90niq e-flex e-con-boxed e-con e-parent\" data-id=\"Vj90niq\" data-element_type=\"container\">\n\t\t\t\t\t<div class=\"e-con-inner\">\n\t\t<div class=\"elementor-element elementor-element-JP9k5is e-con-full e-flex e-con e-child\" data-id=\"JP9k5is\" data-element_type=\"container\">\n\t\t\t\t<div class=\"elementor-element elementor-element-AV6aUaF elementor-widget__width-initial elementor-widget elementor-widget-heading\" data-id=\"AV6aUaF\" data-element_type=\"widget\" data-widget_type=\"heading.default\">\n\t\t\t\t<div class=\"elementor-widget-container\">\n\t\t\t\t\t<h2 class=\"elementor-heading-title elementor-size-default\">Our Strategic Partnerships<\/h2>\t\t\t\t<\/div>\n\t\t\t\t<\/div>\n\t\t\t\t<div class=\"elementor-element elementor-element-poNj0ir elementor-widget elementor-widget-text-editor\" data-id=\"poNj0ir\" data-element_type=\"widget\" data-widget_type=\"text-editor.default\">\n\t\t\t\t<div class=\"elementor-widget-container\">\n\t\t\t\t\t\t\t\t\tAt ILMO Consulting, we believe that teamwork with leading companies creates comprehensive and beneficial solutions for our clients. Our strategic partnerships enable us to provide customized, high-quality services that can enhance your operational capacity and efficiency. These partnerships inspire us to innovate and continually improve our offerings. Click on the logos of our alliances to learn more about our strategic partners and how we work together to deliver top-tier services to our clients.\t\t\t\t\t\t\t\t<\/div>\n\t\t\t\t<\/div>\n\t\t\t\t<\/div>\n\t\t<div class=\"elementor-element elementor-element-VCPo4Jq e-con-full e-flex e-con e-child\" data-id=\"VCPo4Jq\" data-element_type=\"container\">\n\t\t<div class=\"elementor-element elementor-element-K1QKYBC e-con-full e-flex e-con e-child\" data-id=\"K1QKYBC\" data-element_type=\"container\">\n\t\t\t\t<div class=\"elementor-element elementor-element-88gIm6Q e-transform elementor-widget elementor-widget-image\" data-id=\"88gIm6Q\" data-element_type=\"widget\" data-settings=\"{&quot;_transform_translateY_effect_hover&quot;:{&quot;unit&quot;:&quot;px&quot;,&quot;size&quot;:-20,&quot;sizes&quot;:[]},&quot;_transform_translateX_effect_hover&quot;:{&quot;unit&quot;:&quot;px&quot;,&quot;size&quot;:&quot;&quot;,&quot;sizes&quot;:[]},&quot;_transform_translateX_effect_hover_tablet&quot;:{&quot;unit&quot;:&quot;px&quot;,&quot;size&quot;:&quot;&quot;,&quot;sizes&quot;:[]},&quot;_transform_translateX_effect_hover_mobile&quot;:{&quot;unit&quot;:&quot;px&quot;,&quot;size&quot;:&quot;&quot;,&quot;sizes&quot;:[]},&quot;_transform_translateY_effect_hover_tablet&quot;:{&quot;unit&quot;:&quot;px&quot;,&quot;size&quot;:&quot;&quot;,&quot;sizes&quot;:[]},&quot;_transform_translateY_effect_hover_mobile&quot;:{&quot;unit&quot;:&quot;px&quot;,&quot;size&quot;:&quot;&quot;,&quot;sizes&quot;:[]}}\" data-widget_type=\"image.default\">\n\t\t\t\t<div class=\"elementor-widget-container\">\n\t\t\t\t\t\t\t\t\t\t\t\t\t\t\t<img fetchpriority=\"high\" decoding=\"async\" width=\"1024\" height=\"1024\" src=\"https:\/\/ilmo.mx\/wp-content\/uploads\/2023\/08\/logo-uipath-logo-sap-logo-shopify-logo-sales-force-1j69vOKkQhGjWyt21POUGQ-ypjt4WnSSuWKTF69eCfFaQ.jpeg\" class=\"attachment-full size-full wp-image-1437\" alt=\"\" srcset=\"https:\/\/ilmo.mx\/wp-content\/uploads\/2023\/08\/logo-uipath-logo-sap-logo-shopify-logo-sales-force-1j69vOKkQhGjWyt21POUGQ-ypjt4WnSSuWKTF69eCfFaQ.jpeg 1024w, https:\/\/ilmo.mx\/wp-content\/uploads\/2023\/08\/logo-uipath-logo-sap-logo-shopify-logo-sales-force-1j69vOKkQhGjWyt21POUGQ-ypjt4WnSSuWKTF69eCfFaQ-300x300.jpeg 300w, https:\/\/ilmo.mx\/wp-content\/uploads\/2023\/08\/logo-uipath-logo-sap-logo-shopify-logo-sales-force-1j69vOKkQhGjWyt21POUGQ-ypjt4WnSSuWKTF69eCfFaQ-150x150.jpeg 150w, https:\/\/ilmo.mx\/wp-content\/uploads\/2023\/08\/logo-uipath-logo-sap-logo-shopify-logo-sales-force-1j69vOKkQhGjWyt21POUGQ-ypjt4WnSSuWKTF69eCfFaQ-768x768.jpeg 768w\" sizes=\"(max-width: 1024px) 100vw, 1024px\" \/>\t\t\t\t\t\t\t\t\t\t\t\t\t\t\t<\/div>\n\t\t\t\t<\/div>\n\t\t\t\t<div class=\"elementor-element elementor-element-uO4vRwl elementor-widget elementor-widget-heading\" data-id=\"uO4vRwl\" data-element_type=\"widget\" data-widget_type=\"heading.default\">\n\t\t\t\t<div class=\"elementor-widget-container\">\n\t\t\t\t\t<h3 class=\"elementor-heading-title elementor-size-default\">SAP<\/h3>\t\t\t\t<\/div>\n\t\t\t\t<\/div>\n\t\t\t\t<div class=\"elementor-element elementor-element-87FE1Sz elementor-widget elementor-widget-text-editor\" data-id=\"87FE1Sz\" data-element_type=\"widget\" data-widget_type=\"text-editor.default\">\n\t\t\t\t<div class=\"elementor-widget-container\">\n\t\t\t\t\t\t\t\t\t<p>Being an SAP partner means collaborating with a leading enterprise software company. Partners can build, sell, offer services, or manage SAP solutions in the cloud.<\/p>\t\t\t\t\t\t\t\t<\/div>\n\t\t\t\t<\/div>\n\t\t\t\t<\/div>\n\t\t<div class=\"elementor-element elementor-element-h0nF9SA e-con-full e-flex e-con e-child\" data-id=\"h0nF9SA\" data-element_type=\"container\">\n\t\t\t\t<div class=\"elementor-element elementor-element-0MLGEyz e-transform elementor-widget elementor-widget-image\" data-id=\"0MLGEyz\" data-element_type=\"widget\" data-settings=\"{&quot;_transform_translateY_effect_hover&quot;:{&quot;unit&quot;:&quot;px&quot;,&quot;size&quot;:-20,&quot;sizes&quot;:[]},&quot;_transform_translateX_effect_hover&quot;:{&quot;unit&quot;:&quot;px&quot;,&quot;size&quot;:&quot;&quot;,&quot;sizes&quot;:[]},&quot;_transform_translateX_effect_hover_tablet&quot;:{&quot;unit&quot;:&quot;px&quot;,&quot;size&quot;:&quot;&quot;,&quot;sizes&quot;:[]},&quot;_transform_translateX_effect_hover_mobile&quot;:{&quot;unit&quot;:&quot;px&quot;,&quot;size&quot;:&quot;&quot;,&quot;sizes&quot;:[]},&quot;_transform_translateY_effect_hover_tablet&quot;:{&quot;unit&quot;:&quot;px&quot;,&quot;size&quot;:&quot;&quot;,&quot;sizes&quot;:[]},&quot;_transform_translateY_effect_hover_mobile&quot;:{&quot;unit&quot;:&quot;px&quot;,&quot;size&quot;:&quot;&quot;,&quot;sizes&quot;:[]}}\" data-widget_type=\"image.default\">\n\t\t\t\t<div class=\"elementor-widget-container\">\n\t\t\t\t\t\t\t\t\t\t\t\t\t\t\t<img decoding=\"async\" src=\"https:\/\/ilmo.mx\/wp-content\/uploads\/elementor\/thumbs\/Salesforce-Logo-1-scaled-qwgafixs4h4e9kl6qvdfh664dpgj4tlnsqrstqfpc8.jpg\" title=\"Salesforce Logo\" alt=\"Salesforce Logo\" loading=\"lazy\" \/>\t\t\t\t\t\t\t\t\t\t\t\t\t\t\t<\/div>\n\t\t\t\t<\/div>\n\t\t\t\t<div class=\"elementor-element elementor-element-4Ry4sFA elementor-widget elementor-widget-heading\" data-id=\"4Ry4sFA\" data-element_type=\"widget\" data-widget_type=\"heading.default\">\n\t\t\t\t<div class=\"elementor-widget-container\">\n\t\t\t\t\t<h3 class=\"elementor-heading-title elementor-size-default\">Salesforce<\/h3>\t\t\t\t<\/div>\n\t\t\t\t<\/div>\n\t\t\t\t<div class=\"elementor-element elementor-element-yWnrKWx elementor-widget elementor-widget-text-editor\" data-id=\"yWnrKWx\" data-element_type=\"widget\" data-widget_type=\"text-editor.default\">\n\t\t\t\t<div class=\"elementor-widget-container\">\n\t\t\t\t\t\t\t\t\t<p>Being a Salesforce partner allows us to sell, implement, and support CRM solutions, enhancing sales and customer service. Additionally, it provides access to exclusive resources and continuous training.<\/p>\t\t\t\t\t\t\t\t<\/div>\n\t\t\t\t<\/div>\n\t\t\t\t<\/div>\n\t\t\t\t<\/div>\n\t\t\t\t\t<\/div>\n\t\t\t\t<\/div>\n\t\t\t\t<\/div>","protected":false},"excerpt":{"rendered":"<p>Nuestras Alianzas Estrat\u00e9gicas En ILMO Consulting, creemos que el trabajo en equipo con empresas l\u00edderes, crea soluciones integrales y beneficiosas para nuestros clientes. Nuestras alianzas estrat\u00e9gicas nos permiten brindar servicios personalizados y de calidad, que pueden mejorar su capacidad operativa y su eficiencia. Estas alianzas nos inspiran a innovar y mejorar constantemente en nuestras ofertas. [&hellip;]<\/p>","protected":false},"author":1,"featured_media":0,"parent":0,"menu_order":0,"comment_status":"closed","ping_status":"open","template":"","meta":{"_acf_changed":false,"footnotes":""},"class_list":["post-1173","page","type-page","status-publish","hentry"],"acf":[],"_links":{"self":[{"href":"https:\/\/ilmo.mx\/en\/wp-json\/wp\/v2\/pages\/1173"}],"collection":[{"href":"https:\/\/ilmo.mx\/en\/wp-json\/wp\/v2\/pages"}],"about":[{"href":"https:\/\/ilmo.mx\/en\/wp-json\/wp\/v2\/types\/page"}],"author":[{"embeddable":true,"href":"https:\/\/ilmo.mx\/en\/wp-json\/wp\/v2\/users\/1"}],"replies":[{"embeddable":true,"href":"https:\/\/ilmo.mx\/en\/wp-json\/wp\/v2\/comments?post=1173"}],"version-history":[{"count":0,"href":"https:\/\/ilmo.mx\/en\/wp-json\/wp\/v2\/pages\/1173\/revisions"}],"wp:attachment":[{"href":"https:\/\/ilmo.mx\/en\/wp-json\/wp\/v2\/media?parent=1173"}],"curies":[{"name":"wp","href":"https:\/\/api.w.org\/{rel}","templated":true}]}}